{"id":84,"date":"2024-10-22T21:24:42","date_gmt":"2024-10-22T19:24:42","guid":{"rendered":"https:\/\/ranafotoklubb.no\/?page_id=84"},"modified":"2024-10-23T13:33:31","modified_gmt":"2024-10-23T11:33:31","slug":"meld-deg-inn","status":"publish","type":"page","link":"https:\/\/ranafotoklubb.no\/index.php\/meld-deg-inn\/","title":{"rendered":"Meld deg inn"},"content":{"rendered":"<p>N\u00e5r du er medlem av klubben f\u00e5r du tilgang til v\u00e5r private Facebookside hvor alt av informasjon legges ut.<br \/>\nDu f\u00e5r ogs\u00e5 v\u00e6re med p\u00e5 v\u00e5re klubbkvelder samt alle fototurene vi drar p\u00e5.<br \/>\nHvis du er litt usikker, kan du f\u00e5 v\u00e6re med p\u00e5 en av klubb kveldene, bare ta kontakt p\u00e5 ranafotoklubb@outlook.com<\/p>\n<p>Det er en \u00e5rlig kontigent p\u00e5 400,- som betales ved innmeldelse.<\/p>\n<p>Trykk <a href=\"https:\/\/app.rubic.no\/Account\/Signup?organizationID=15728#\/form\/profile\" target=\"_blank\" rel=\"noopener\">her<\/a> for \u00e5 melde deg inn.<\/p>\n","protected":false},"excerpt":{"rendered":"<p>N\u00e5r du er medlem av klubben f\u00e5r du tilgang til v\u00e5r private Facebookside hvor alt av informasjon legges ut. Du f\u00e5r ogs\u00e5 v\u00e6re med p\u00e5 v\u00e5re klubbkvelder samt alle fototurene vi drar p\u00e5. Hvis du er litt usikker, kan du f\u00e5 v\u00e6re med p\u00e5 en av klubb kveldene, bare ta&#8230;<\/p>\n","protected":false},"author":1,"featured_media":0,"parent":0,"menu_order":0,"comment_status":"closed","ping_status":"closed","template":"","meta":{"footnotes":""},"class_list":["post-84","page","type-page","status-publish","hentry"],"_links":{"self":[{"href":"https:\/\/ranafotoklubb.no\/index.php\/wp-json\/wp\/v2\/pages\/84","targetHints":{"allow":["GET"]}}],"collection":[{"href":"https:\/\/ranafotoklubb.no\/index.php\/wp-json\/wp\/v2\/pages"}],"about":[{"href":"https:\/\/ranafotoklubb.no\/index.php\/wp-json\/wp\/v2\/types\/page"}],"author":[{"embeddable":true,"href":"https:\/\/ranafotoklubb.no\/index.php\/wp-json\/wp\/v2\/users\/1"}],"replies":[{"embeddable":true,"href":"https:\/\/ranafotoklubb.no\/index.php\/wp-json\/wp\/v2\/comments?post=84"}],"version-history":[{"count":5,"href":"https:\/\/ranafotoklubb.no\/index.php\/wp-json\/wp\/v2\/pages\/84\/revisions"}],"predecessor-version":[{"id":92,"href":"https:\/\/ranafotoklubb.no\/index.php\/wp-json\/wp\/v2\/pages\/84\/revisions\/92"}],"wp:attachment":[{"href":"https:\/\/ranafotoklubb.no\/index.php\/wp-json\/wp\/v2\/media?parent=84"}],"curies":[{"name":"wp","href":"https:\/\/api.w.org\/{rel}","templated":true}]}}