{"id":16,"date":"2024-09-19T23:30:37","date_gmt":"2024-09-19T21:30:37","guid":{"rendered":"https:\/\/ranafotoklubb.no\/?page_id=16"},"modified":"2025-10-12T19:45:34","modified_gmt":"2025-10-12T17:45:34","slug":"kontakt-oss","status":"publish","type":"page","link":"https:\/\/ranafotoklubb.no\/index.php\/kontakt-oss\/","title":{"rendered":"Kontakt oss"},"content":{"rendered":"<p>Ved sp\u00f8rsm\u00e5l om innmelding eller annen informasjon, kontakt oss gjerne p\u00e5 epost:\u00a0 <a href=\"http:\/\/ranafotoklubb@outlook.com\"><u>ranafotoklubb@outlook.com<\/u><\/a><br \/>\nEller send oss en melding p\u00e5 <a href=\"https:\/\/www.facebook.com\/Ranafotoklubb\">Facebook<\/a><\/p>\n","protected":false},"excerpt":{"rendered":"<p>Ved sp\u00f8rsm\u00e5l om innmelding eller annen informasjon, kontakt oss gjerne p\u00e5 epost:\u00a0 ranafotoklubb@outlook.com Eller send oss en melding p\u00e5 Facebook<\/p>\n","protected":false},"author":1,"featured_media":0,"parent":0,"menu_order":0,"comment_status":"closed","ping_status":"closed","template":"","meta":{"footnotes":""},"class_list":["post-16","page","type-page","status-publish","hentry"],"_links":{"self":[{"href":"https:\/\/ranafotoklubb.no\/index.php\/wp-json\/wp\/v2\/pages\/16","targetHints":{"allow":["GET"]}}],"collection":[{"href":"https:\/\/ranafotoklubb.no\/index.php\/wp-json\/wp\/v2\/pages"}],"about":[{"href":"https:\/\/ranafotoklubb.no\/index.php\/wp-json\/wp\/v2\/types\/page"}],"author":[{"embeddable":true,"href":"https:\/\/ranafotoklubb.no\/index.php\/wp-json\/wp\/v2\/users\/1"}],"replies":[{"embeddable":true,"href":"https:\/\/ranafotoklubb.no\/index.php\/wp-json\/wp\/v2\/comments?post=16"}],"version-history":[{"count":6,"href":"https:\/\/ranafotoklubb.no\/index.php\/wp-json\/wp\/v2\/pages\/16\/revisions"}],"predecessor-version":[{"id":124,"href":"https:\/\/ranafotoklubb.no\/index.php\/wp-json\/wp\/v2\/pages\/16\/revisions\/124"}],"wp:attachment":[{"href":"https:\/\/ranafotoklubb.no\/index.php\/wp-json\/wp\/v2\/media?parent=16"}],"curies":[{"name":"wp","href":"https:\/\/api.w.org\/{rel}","templated":true}]}}