{"id":15,"date":"2024-09-19T23:30:37","date_gmt":"2024-09-19T21:30:37","guid":{"rendered":"https:\/\/ranafotoklubb.no\/?page_id=15"},"modified":"2026-02-12T07:55:26","modified_gmt":"2026-02-12T06:55:26","slug":"om-oss","status":"publish","type":"page","link":"https:\/\/ranafotoklubb.no\/index.php\/om-oss\/","title":{"rendered":"Om oss"},"content":{"rendered":"<p>Rana Fotoklubb ble grunnlagt i 1990, opprinnelig under navnet Rana Kameraklubb, f\u00f8r det senere ble endret til dagens navn. Klubben \u00f8nsker alltid nye eller gamle fotografer velkommen til \u00e5 bli med.<\/p>\n<p>Vi holder til i Bakka bygget p\u00e5 Ytteren, ogs\u00e5 kjent som &laquo;Brygga&raquo; (Nesnaveien 67). Til vanlig m\u00f8tes vi annenhver mandag, hvor vi har planlagte aktiviteter b\u00e5de innend\u00f8rs p\u00e5 Brygga eller utend\u00f8rs p\u00e5 ulike lokasjoner.<\/p>\n","protected":false},"excerpt":{"rendered":"<p>Rana Fotoklubb ble grunnlagt i 1990, opprinnelig under navnet Rana Kameraklubb, f\u00f8r det senere ble endret til dagens navn. Klubben \u00f8nsker alltid nye eller gamle fotografer velkommen til \u00e5 bli med. Vi holder til i Bakka bygget p\u00e5 Ytteren, ogs\u00e5 kjent som &laquo;Brygga&raquo; (Nesnaveien 67). Til vanlig m\u00f8tes vi annenhver&#8230;<\/p>\n","protected":false},"author":1,"featured_media":0,"parent":0,"menu_order":0,"comment_status":"closed","ping_status":"closed","template":"","meta":{"footnotes":""},"class_list":["post-15","page","type-page","status-publish","hentry"],"_links":{"self":[{"href":"https:\/\/ranafotoklubb.no\/index.php\/wp-json\/wp\/v2\/pages\/15","targetHints":{"allow":["GET"]}}],"collection":[{"href":"https:\/\/ranafotoklubb.no\/index.php\/wp-json\/wp\/v2\/pages"}],"about":[{"href":"https:\/\/ranafotoklubb.no\/index.php\/wp-json\/wp\/v2\/types\/page"}],"author":[{"embeddable":true,"href":"https:\/\/ranafotoklubb.no\/index.php\/wp-json\/wp\/v2\/users\/1"}],"replies":[{"embeddable":true,"href":"https:\/\/ranafotoklubb.no\/index.php\/wp-json\/wp\/v2\/comments?post=15"}],"version-history":[{"count":6,"href":"https:\/\/ranafotoklubb.no\/index.php\/wp-json\/wp\/v2\/pages\/15\/revisions"}],"predecessor-version":[{"id":129,"href":"https:\/\/ranafotoklubb.no\/index.php\/wp-json\/wp\/v2\/pages\/15\/revisions\/129"}],"wp:attachment":[{"href":"https:\/\/ranafotoklubb.no\/index.php\/wp-json\/wp\/v2\/media?parent=15"}],"curies":[{"name":"wp","href":"https:\/\/api.w.org\/{rel}","templated":true}]}}